{"id":841,"date":"2023-11-12T13:16:41","date_gmt":"2023-11-12T12:16:41","guid":{"rendered":"https:\/\/shop.thespezziner.com\/?post_type=product&#038;p=841"},"modified":"2024-03-06T14:15:47","modified_gmt":"2024-03-06T13:15:47","slug":"the-spezziner-numero-46-alberto-sordi","status":"publish","type":"product","link":"https:\/\/shop.thespezziner.com\/index.php\/prodotto\/the-spezziner-numero-46-alberto-sordi\/","title":{"rendered":"The Spezziner Numero 46 Alberto Sordi"},"content":{"rendered":"<h2 class=\"has-text-align-center has-medium-font-size\">A MEN\u00c0 DE SP\u00c8SA<\/h2>\r\n\r\n<p><\/p>\r\n<p class=\"has-medium-font-size\">Copertina realizzata dal bravissimo artista\u00a0<a href=\"https:\/\/www.facebook.com\/alberto.sordi.948?__tn__=-]K*F\">Alberto Sordi<\/a>\u00a0&#8211; A Men\u00e0 de Sp\u00e8sa<br \/>Secondo la leggenda la notte del dei morti si aggirerebbe per il centro storico la processione delle Men\u00e0. Il nome potrebbe derivare da Menadi, le seguaci di Dioniso, e infatti questi spiriti darebbero la caccia agli individui di sesso maschile. Anni fa mi raccontarono che al Limone c&#8217;\u00e8 una casa abitata dalle Men\u00e0. Nell&#8217;opera si vede una Men\u00e0 aggirarsi in Via Prione, guardata con curiosit\u00e0 da un passante.<br \/>Sotto la luna piena sembra quasi controllata da uno di quei dischi volanti che anni fa venivano avvistati sul Monte Parodi.<\/p>\r\n<p><\/p>\r\n","protected":false},"excerpt":{"rendered":"<p><strong>Sostieni il progetto e gli artisti che ne fanno parte portando a casa la tua opera preferita!<\/strong> Le donazioni minime variano in base al formato di stampa. La stampa, realizzata su carta Magno Satin da 350 gr\/mq, avviene con macchine di qualit\u00e0 eccellente. L&#8217;opera verr\u00e0 venduta senza cornice e sar\u00e0 certificata sul retro da The Spezziner Formato 21&#215;29,7 \u2192 area di stampa 17x25cm Formato 30&#215;40 \u2192 area di stampa 24x33cm<\/p>\n","protected":false},"featured_media":845,"comment_status":"open","ping_status":"closed","template":"","meta":[],"product_brand":[],"product_cat":[16],"product_tag":[110,86],"class_list":{"0":"post-841","1":"product","2":"type-product","3":"status-publish","4":"has-post-thumbnail","6":"product_cat-opere","7":"product_tag-alberto-sordi","8":"product_tag-the-spezziner","10":"first","11":"instock","12":"shipping-taxable","13":"purchasable","14":"product-type-variable"},"jetpack_sharing_enabled":true,"_links":{"self":[{"href":"https:\/\/shop.thespezziner.com\/index.php\/wp-json\/wp\/v2\/product\/841","targetHints":{"allow":["GET"]}}],"collection":[{"href":"https:\/\/shop.thespezziner.com\/index.php\/wp-json\/wp\/v2\/product"}],"about":[{"href":"https:\/\/shop.thespezziner.com\/index.php\/wp-json\/wp\/v2\/types\/product"}],"replies":[{"embeddable":true,"href":"https:\/\/shop.thespezziner.com\/index.php\/wp-json\/wp\/v2\/comments?post=841"}],"wp:featuredmedia":[{"embeddable":true,"href":"https:\/\/shop.thespezziner.com\/index.php\/wp-json\/wp\/v2\/media\/845"}],"wp:attachment":[{"href":"https:\/\/shop.thespezziner.com\/index.php\/wp-json\/wp\/v2\/media?parent=841"}],"wp:term":[{"taxonomy":"product_brand","embeddable":true,"href":"https:\/\/shop.thespezziner.com\/index.php\/wp-json\/wp\/v2\/product_brand?post=841"},{"taxonomy":"product_cat","embeddable":true,"href":"https:\/\/shop.thespezziner.com\/index.php\/wp-json\/wp\/v2\/product_cat?post=841"},{"taxonomy":"product_tag","embeddable":true,"href":"https:\/\/shop.thespezziner.com\/index.php\/wp-json\/wp\/v2\/product_tag?post=841"}],"curies":[{"name":"wp","href":"https:\/\/api.w.org\/{rel}","templated":true}]}}