{"id":721,"date":"2023-08-29T21:54:50","date_gmt":"2023-08-29T19:54:50","guid":{"rendered":"https:\/\/shop.thespezziner.com\/?post_type=product&#038;p=721"},"modified":"2023-08-29T22:01:47","modified_gmt":"2023-08-29T20:01:47","slug":"the-spezziner-numero-36-davide-besana","status":"publish","type":"product","link":"https:\/\/shop.thespezziner.com\/index.php\/prodotto\/the-spezziner-numero-36-davide-besana\/","title":{"rendered":"The Spezziner Numero 36 Davide Besana"},"content":{"rendered":"<h2 class=\"has-text-align-center has-medium-font-size\">DINGHY NEL GOLFO DEI POETI<\/h2>\r\nCopertina realizzata dal Maestro delle illustrazioni <a href=\"https:\/\/www.facebook.com\/groups\/693747982159448\/user\/1011800127\/?__cft__[0]=AZX4k6cfKd5-K-dk6DJJGVTcbEqMnXzhtL3l4lYVMRbt51GYKJyflrXVf4HkqaqUmIiE5PpnOlTxuzUlJfs41hTLAEp7DxtIzDLHHdAwfCYUVlXXzw-51O-1AmS1ZsjYkTne8c8JHZ7N0DFzYYnMewn6YV9S13N3QWWLw3oDbO137Uvci_a1YwlAQfd5A7UP-X0&amp;__tn__=-]K-R\">Davide Besana<\/a> &#8211; Dinghy nel Golfo dei Poeti.\r\n\r\n\r\n<div class=\" bd-stretchtobottom-6 bd-stretch-to-bottom\" data-control-selector=\".bd-contentlayout-2\">\r\n<div class=\"bd-contentlayout-2 bd-sheetstyles bd-no-margins bd-margins\">\r\n<div class=\"bd-container-inner\">\r\n<div class=\"bd-flex-vertical bd-stretch-inner bd-contentlayout-offset\">\r\n<div class=\"bd-flex-horizontal bd-flex-wide bd-no-margins\">\r\n<div class=\"bd-flex-vertical bd-flex-wide bd-no-margins\">\r\n<div class=\" bd-layoutitemsbox-16 bd-flex-wide bd-no-margins\">\r\n<div class=\" bd-content-14\">\r\n<div class=\" bd-blog\">\r\n<div class=\"bd-container-inner\">\r\n<div class=\" bd-grid-8 bd-margins\">\r\n<div class=\"container-fluid\">\r\n<div class=\"separated-grid row\">\r\n<div class=\"separated-item-28 col-md-12 first-col last-col\">\r\n<div class=\"bd-griditem-28\"><article id=\"post-110\" class=\" bd-article-6 clearfix hentry post-110 post type-post status-publish format-standard has-post-thumbnail hentry category-illustazioni\">\r\n<div class=\" bd-layoutbox-16 bd-no-margins clearfix\">\r\n<div class=\"bd-container-inner\">\r\n<div class=\" bd-postcontent-10 bd-tagstyles entry-content bd-contentlayout-offset\"><\/div>\r\n<\/div>\r\n<\/div>\r\n<\/article><\/div>\r\n<\/div>\r\n<\/div>\r\n<\/div>\r\n<\/div>\r\n<\/div>\r\n<\/div>\r\n<\/div>\r\n<\/div>\r\n<\/div>\r\n<\/div>\r\n<\/div>\r\n<\/div>\r\n<\/div>\r\n<\/div><!-- \/wp:post-content -->","protected":false},"excerpt":{"rendered":"<p><strong>Sostieni il progetto e gli artisti che ne fanno parte portando a casa la tua opera preferita!<\/strong> Le donazioni minime variano in base al formato di stampa. La stampa, realizzata su carta Magno Satin da 350 gr\/mq, avviene con macchine di qualit\u00e0 eccellente. L&#8217;opera verr\u00e0 venduta senza cornice e sar\u00e0 certificata sul retro da The Spezziner Formato 21&#215;29,7 \u2192 area di stampa 17x25cm Formato 30&#215;40 \u2192 area di stampa 24x33cm<\/p>\n","protected":false},"featured_media":725,"comment_status":"open","ping_status":"closed","template":"","meta":[],"product_brand":[],"product_cat":[16],"product_tag":[98,86],"class_list":{"0":"post-721","1":"product","2":"type-product","3":"status-publish","4":"has-post-thumbnail","6":"product_cat-opere","7":"product_tag-davide-besana","8":"product_tag-the-spezziner","10":"first","11":"instock","12":"shipping-taxable","13":"purchasable","14":"product-type-variable"},"jetpack_sharing_enabled":true,"_links":{"self":[{"href":"https:\/\/shop.thespezziner.com\/index.php\/wp-json\/wp\/v2\/product\/721","targetHints":{"allow":["GET"]}}],"collection":[{"href":"https:\/\/shop.thespezziner.com\/index.php\/wp-json\/wp\/v2\/product"}],"about":[{"href":"https:\/\/shop.thespezziner.com\/index.php\/wp-json\/wp\/v2\/types\/product"}],"replies":[{"embeddable":true,"href":"https:\/\/shop.thespezziner.com\/index.php\/wp-json\/wp\/v2\/comments?post=721"}],"wp:featuredmedia":[{"embeddable":true,"href":"https:\/\/shop.thespezziner.com\/index.php\/wp-json\/wp\/v2\/media\/725"}],"wp:attachment":[{"href":"https:\/\/shop.thespezziner.com\/index.php\/wp-json\/wp\/v2\/media?parent=721"}],"wp:term":[{"taxonomy":"product_brand","embeddable":true,"href":"https:\/\/shop.thespezziner.com\/index.php\/wp-json\/wp\/v2\/product_brand?post=721"},{"taxonomy":"product_cat","embeddable":true,"href":"https:\/\/shop.thespezziner.com\/index.php\/wp-json\/wp\/v2\/product_cat?post=721"},{"taxonomy":"product_tag","embeddable":true,"href":"https:\/\/shop.thespezziner.com\/index.php\/wp-json\/wp\/v2\/product_tag?post=721"}],"curies":[{"name":"wp","href":"https:\/\/api.w.org\/{rel}","templated":true}]}}