{"id":513,"date":"2023-05-23T21:44:06","date_gmt":"2023-05-23T19:44:06","guid":{"rendered":"https:\/\/shop.thespezziner.com\/?post_type=product&#038;p=513"},"modified":"2023-06-14T18:30:34","modified_gmt":"2023-06-14T16:30:34","slug":"the-spezziner-special-edition-13-maggio-alessio-guano","status":"publish","type":"product","link":"https:\/\/shop.thespezziner.com\/index.php\/prodotto\/the-spezziner-special-edition-13-maggio-alessio-guano\/","title":{"rendered":"The Spezziner Special Edition 13 maggio Alessio Guano"},"content":{"rendered":"<h2 class=\"has-text-align-center has-medium-font-size\">Il canto del mare<\/h2>\r\n\r\n<p class=\"has-text-align-center has-medium-font-size\"><\/p>\r\n<p><\/p>\r\n<p>\r\n\r\n<\/p>\r\n<p class=\"has-text-align-center has-medium-font-size\">Copertina Special Edition progettata e realizzata dal bravissimo artista visivo spezzino\u00a0<a href=\"https:\/\/www.facebook.com\/alessio.guano?__cft__[0]=AZWKKirZV2A43H9tUJTG2hsoxJZJ6emmBFdQOTPThoa8i57rmDCs1S5r9vKqAbg7ElFTdQjON3Uxzf8zSChH3gYxmcGztI4q8IJUPLHDzRmi4qAJ0Yx0RSSkWGy5IM5XK7tpdWVtIFhO_H61xXr3_KfcVLYhZjxQlpw5XQ1MhMBqbbqRMDLR_L6laIBURbiPBqQ&amp;__tn__=-]K*F\">Alessio Guano<\/a>, maestro della mail art e delle neoavanguardie<\/p>\r\n<p><\/p>\r\n<p class=\"has-text-align-center has-medium-font-size\"><\/p>","protected":false},"excerpt":{"rendered":"<p><strong>Sostieni il progetto e gli artisti che ne fanno parte portando a casa la tua opera preferita!<\/strong> Le donazioni minime variano in base al formato di stampa. La stampa, realizzata su carta Magno Satin da 350 gr\/mq, avviene con macchine di qualit\u00e0 eccellente. L&#8217;opera verr\u00e0 venduta senza cornice e sar\u00e0 certificata sul retro da The Spezziner Formato 21&#215;29,7 \u2192 area di stampa 17x25cm Formato 30&#215;40 \u2192 area di stampa 24x33cm<\/p>\n","protected":false},"featured_media":516,"comment_status":"open","ping_status":"closed","template":"","meta":[],"product_brand":[],"product_cat":[16,20],"product_tag":[86],"class_list":{"0":"post-513","1":"product","2":"type-product","3":"status-publish","4":"has-post-thumbnail","6":"product_cat-opere","7":"product_cat-special_edition","8":"product_tag-the-spezziner","10":"first","11":"instock","12":"shipping-taxable","13":"purchasable","14":"product-type-variable"},"jetpack_sharing_enabled":true,"_links":{"self":[{"href":"https:\/\/shop.thespezziner.com\/index.php\/wp-json\/wp\/v2\/product\/513","targetHints":{"allow":["GET"]}}],"collection":[{"href":"https:\/\/shop.thespezziner.com\/index.php\/wp-json\/wp\/v2\/product"}],"about":[{"href":"https:\/\/shop.thespezziner.com\/index.php\/wp-json\/wp\/v2\/types\/product"}],"replies":[{"embeddable":true,"href":"https:\/\/shop.thespezziner.com\/index.php\/wp-json\/wp\/v2\/comments?post=513"}],"wp:featuredmedia":[{"embeddable":true,"href":"https:\/\/shop.thespezziner.com\/index.php\/wp-json\/wp\/v2\/media\/516"}],"wp:attachment":[{"href":"https:\/\/shop.thespezziner.com\/index.php\/wp-json\/wp\/v2\/media?parent=513"}],"wp:term":[{"taxonomy":"product_brand","embeddable":true,"href":"https:\/\/shop.thespezziner.com\/index.php\/wp-json\/wp\/v2\/product_brand?post=513"},{"taxonomy":"product_cat","embeddable":true,"href":"https:\/\/shop.thespezziner.com\/index.php\/wp-json\/wp\/v2\/product_cat?post=513"},{"taxonomy":"product_tag","embeddable":true,"href":"https:\/\/shop.thespezziner.com\/index.php\/wp-json\/wp\/v2\/product_tag?post=513"}],"curies":[{"name":"wp","href":"https:\/\/api.w.org\/{rel}","templated":true}]}}