{"id":219,"date":"2023-04-02T21:21:33","date_gmt":"2023-04-02T19:21:33","guid":{"rendered":"https:\/\/shop.thespezziner.com\/?post_type=product&#038;p=219"},"modified":"2023-04-16T22:16:35","modified_gmt":"2023-04-16T20:16:35","slug":"the-spezziner-special-edition-19-marzo-2023-gaetano-amato","status":"publish","type":"product","link":"https:\/\/shop.thespezziner.com\/index.php\/prodotto\/the-spezziner-special-edition-19-marzo-2023-gaetano-amato\/","title":{"rendered":"The Spezziner Special Edition 19 Marzo 2023 Gaetano Amato"},"content":{"rendered":"<h2 class=\"has-text-align-center has-medium-font-size\">La fiera di San Giuseppe<\/h2>\n<p>Special Edition dedicata alla fiera di San Giuseppe, progettata e disegnata dal bravissimo artista spezzino <a href=\"https:\/\/www.facebook.com\/groups\/693747982159448\/user\/100004788308487\/?__cft__[0]=AZX3aopL2Fxw9fqiyMMSY3G4riTHeraw97G8OnKnwWXGGJp7pM0MpFdEmy1QDXddyzR1RQPuYdtqWwfszaxl-1Sb909MQakEZLL-rgRZQo3p166fXQKUtpRXuCjGMulE9HIKWLHFtb3cjamxfiAcaAfqYFzClkXvan2xTpjSJnqlBQ&amp;__tn__=-]K-R\">Gaetano Amato<\/a><br \/>\n\u2013 \u00c8 venerd\u00ec mattina, sono le 8, faccio una rapida colazione. Ho un paio di minuti che mi avanzano, apro Facebook, The Spezziner \u00e8 la prima cosa che mi appare e mi ricorda che si\u2026 \u00c8 OGGI\u2026 il giorno che un vero spezzino aspetta tutto l\u2019anno. Mi dirai \u201c\u00c8 il Palio\u201d ti risponder\u00f2 \u201cil Palio \u00e8 delle borgate, io sono cresciuto a Migliarina e non ho mai visto la mia barca partire dal molo\u201d.Sono le 8.02 del mattino, ho fatto una rapida colazione, voglio un panino con la porchetta!<\/p>\n<div class=\" bd-stretchtobottom-6 bd-stretch-to-bottom\" data-control-selector=\".bd-contentlayout-2\">\n<div class=\"bd-contentlayout-2 bd-sheetstyles bd-no-margins bd-margins\">\n<div class=\"bd-container-inner\">\n<div class=\"bd-flex-vertical bd-stretch-inner bd-contentlayout-offset\">\n<div class=\"bd-flex-horizontal bd-flex-wide bd-no-margins\">\n<div class=\"bd-flex-vertical bd-flex-wide bd-no-margins\">\n<div class=\" bd-layoutitemsbox-16 bd-flex-wide bd-no-margins\">\n<div class=\" bd-content-14\">\n<div class=\" bd-blog\">\n<div class=\"bd-container-inner\">\n<div class=\" bd-grid-8 bd-margins\">\n<div class=\"container-fluid\">\n<div class=\"separated-grid row\">\n<div class=\"separated-item-28 col-md-12 first-col last-col\">\n<div class=\"bd-griditem-28\">\n<article id=\"post-110\" class=\" bd-article-6 clearfix hentry post-110 post type-post status-publish format-standard has-post-thumbnail hentry category-illustazioni\">\n<div class=\" bd-layoutbox-16 bd-no-margins clearfix\">\n<div class=\"bd-container-inner\">\n<div class=\" bd-postcontent-10 bd-tagstyles entry-content bd-contentlayout-offset\"><\/div>\n<\/div>\n<\/div>\n<\/article>\n<\/div>\n<\/div>\n<\/div>\n<\/div>\n<\/div>\n<\/div>\n<\/div>\n<\/div>\n<\/div>\n<\/div>\n<\/div>\n<\/div>\n<\/div>\n<\/div>\n<\/div>\n","protected":false},"excerpt":{"rendered":"<p><strong>Sostieni il progetto e gli artisti che ne fanno parte portando a casa la tua opera preferita!<\/strong><\/p>\n<p>Le donazioni minime variano in base al formato di stampa.<\/p>\n<p>La stampa, realizzata su carta Magno Satin da 350 gr\/mq, avviene con macchine di qualit\u00e0 eccellente.<\/p>\n<p>L&#8217;opera verr\u00e0 venduta senza cornice e sar\u00e0 certificata sul retro da The Spezziner<\/p>\n<p>Formato 21&#215;29,7 \u2192 area di stampa 17x25cm<br \/>\nFormato 30&#215;40 \u2192 area di stampa 24x33cm<\/p>\n","protected":false},"featured_media":227,"comment_status":"open","ping_status":"closed","template":"","meta":[],"product_brand":[],"product_cat":[16,20],"product_tag":[],"class_list":{"0":"post-219","1":"product","2":"type-product","3":"status-publish","4":"has-post-thumbnail","6":"product_cat-opere","7":"product_cat-special_edition","9":"first","10":"instock","11":"shipping-taxable","12":"purchasable","13":"product-type-variable"},"jetpack_sharing_enabled":true,"_links":{"self":[{"href":"https:\/\/shop.thespezziner.com\/index.php\/wp-json\/wp\/v2\/product\/219","targetHints":{"allow":["GET"]}}],"collection":[{"href":"https:\/\/shop.thespezziner.com\/index.php\/wp-json\/wp\/v2\/product"}],"about":[{"href":"https:\/\/shop.thespezziner.com\/index.php\/wp-json\/wp\/v2\/types\/product"}],"replies":[{"embeddable":true,"href":"https:\/\/shop.thespezziner.com\/index.php\/wp-json\/wp\/v2\/comments?post=219"}],"wp:featuredmedia":[{"embeddable":true,"href":"https:\/\/shop.thespezziner.com\/index.php\/wp-json\/wp\/v2\/media\/227"}],"wp:attachment":[{"href":"https:\/\/shop.thespezziner.com\/index.php\/wp-json\/wp\/v2\/media?parent=219"}],"wp:term":[{"taxonomy":"product_brand","embeddable":true,"href":"https:\/\/shop.thespezziner.com\/index.php\/wp-json\/wp\/v2\/product_brand?post=219"},{"taxonomy":"product_cat","embeddable":true,"href":"https:\/\/shop.thespezziner.com\/index.php\/wp-json\/wp\/v2\/product_cat?post=219"},{"taxonomy":"product_tag","embeddable":true,"href":"https:\/\/shop.thespezziner.com\/index.php\/wp-json\/wp\/v2\/product_tag?post=219"}],"curies":[{"name":"wp","href":"https:\/\/api.w.org\/{rel}","templated":true}]}}